{"id":393,"date":"2025-05-04T20:28:30","date_gmt":"2025-05-04T20:28:30","guid":{"rendered":"https:\/\/pagus.site\/e-book\/"},"modified":"2026-01-06T10:35:24","modified_gmt":"2026-01-06T10:35:24","slug":"e-book-cursos","status":"publish","type":"page","link":"https:\/\/pagus.site\/home\/e-book-cursos\/","title":{"rendered":"E-Books &#038; Cursos"},"content":{"rendered":"\n<div class=\"wp-block-uagb-container uagb-block-1b919849 default uagb-is-root-container\">\n<div class=\"wp-block-uagb-advanced-heading uagb-block-7d21766a\"><h1 class=\"uagb-heading-text\">Te regalo un E-Book         <\/h1><\/div>\n\n\n\n<p><\/p>\n\n\n\n<p>\u200b<\/p>\n<\/div>\n\n\n\n<details class=\"wp-block-details is-layout-flow wp-block-details-is-layout-flow\"><summary><\/summary>\n<div class=\"wp-block-uagb-container uagb-block-71c05484 default uagb-is-root-container\">\n<div class=\"wp-block-uagb-advanced-heading uagb-block-2af569a7\"><h2 class=\"uagb-heading-text\">E-Books, cursos y mentorias<\/h2><\/div>\n\n\n\n<p><strong>\u00bfTenes tu inversi\u00f3n y no tienes el rendimiento esperado?, Tenes la oportunidad de crecer? :  dime y  te indico que leer FREE, con propuestas de Valor para Impulsar el Crecimiento y la Rentabilidad<\/strong><\/p>\n\n\n\n<h3 class=\"wp-block-heading has-vivid-red-color has-text-color\"><strong>\ud83d\udcd8 1. \u00cdndice y Desarrollo en la Hospitalidad (FREE)<\/strong><a href=\"https:\/\/pagus.site\/wp-content\/uploads\/2025\/05\/INDICE-Y-DESARROLLO-1.pdf\" data-type=\"link\" data-id=\"https:\/\/pagus.site\/wp-content\/uploads\/2025\/05\/INDICE-Y-DESARROLLO-1.pdf\"> <\/a> <\/h3>\n\n\n\n<p>\ud83e\udded <strong>43 \u00edtems elementales<\/strong> para entender y aplicar las claves de la gesti\u00f3n hotelera moderna.<\/p>\n\n\n\n<h3 class=\"wp-block-heading\"><strong>\ud83d\udcda 2. Cursos o eBook de Manejo B\u00e1sico (todas las \u00e1reas)<\/strong><\/h3>\n\n\n\n<p>\ud83d\udece\ufe0f Ideal para nuevos equipos o formaci\u00f3n inicial en <strong>recepci\u00f3n, housekeeping, cocina, mantenimiento y m\u00e1s<\/strong>.<\/p>\n\n\n\n<h3 class=\"wp-block-heading\"><strong>\ud83c\udf93 3. Curso de Manejo Avanzado para Operar Hoteles<\/strong><\/h3>\n\n\n\n<p>Dirigido a <strong>jefes, mandos medios y gerentes<\/strong> \ud83d\udc65<br>\ud83d\udd39 A. Repaso de \u00edtems, herramientas y lineamientos diarios + tips de liderazgo.<br>\ud83d\udcca B. C\u00f3mo administrar con <strong>indicadores por objetivos<\/strong>.<br>\ud83d\udee0\ufe0f C. Plan y software de mantenimiento e innovaci\u00f3n.<br>\ud83d\udcc8 D. Plan de marketing, ecosistema comercial, ventas y revenue.<br>\ud83e\uddfe E. Contratos: RRHH, RRPP, propietarios. Negociar en Argentina.<br>\ud83c\udf31 F. Departamentos \u201cmenores\u201d, sustentabilidad, controles y secretos.<\/p>\n\n\n\n<h3 class=\"wp-block-heading\"><strong>\ud83c\udf0d 4. Sistema de Gesti\u00f3n Sustentable<\/strong><\/h3>\n\n\n\n<p><strong>\u00abLa Revoluci\u00f3n Verde en la Hospitalidad\u00bb<\/strong> \u267b\ufe0f<br>\ud83c\udf1f Estrategias sostenibles para el \u00e9xito y la rentabilidad.<br>\ud83d\udca1 Un sistema para ganar econ\u00f3mica, social y ambientalmente, desde lo b\u00e1sico hasta lo avanzado.<\/p>\n\n\n\n<h3 class=\"wp-block-heading\"><strong>\ud83d\udcbc 5. AABB \u2013 Administraci\u00f3n y Gesti\u00f3n<\/strong><\/h3>\n\n\n\n<p>\ud83d\udcd1 Herramientas claves para la gesti\u00f3n contable, financiera y operativa de un hotel con eficiencia.<\/p>\n\n\n\n<h3 class=\"wp-block-heading\"><strong>\ud83e\udde0 6. Curso Especializado o Personalizado<\/strong><\/h3>\n\n\n\n<p>\ud83c\udfaf Formaci\u00f3n a tu medida: la t\u00e9cnica, el conocimiento y la herramienta que necesites practicar <strong>en profundidad<\/strong>.<\/p>\n\n\n\n<h3 class=\"wp-block-heading\"><strong>\ud83d\udee4\ufe0f 7. Mi Camino \u2013 Jefes y Colegas<\/strong><\/h3>\n\n\n\n<p>\ud83d\udcac <strong>3 d\u00e9cadas en la hospitalidad<\/strong>. Historias, aprendizajes y agradecimientos a quienes dejaron huella.<\/p>\n\n\n\n<h3 class=\"wp-block-heading\"><strong>\ud83d\uddfa\ufe0f 8. Gu\u00eda del NOA<\/strong><\/h3>\n\n\n\n<p>\ud83d\udccd <strong>Los lugares que S\u00cd ten\u00e9s que conocer, disfrutar y quedarte<\/strong>.<br>\ud83d\udeab Y tambi\u00e9n&#8230; <strong>los que NO te recomiendo<\/strong>.<br>\ud83d\udc49 Ideal para turistas y profesionales que aman el Norte Argentino.<\/p>\n\n\n\n<div class=\"wp-block-uagb-container uagb-layout-grid uagb-block-2cd45d58\">\n<div class=\"wp-block-uagb-container uagb-block-6d92f5bd\">\n<div class=\"wp-block-uagb-info-box uagb-block-f8368dd8 uagb-infobox__content-wrap  uagb-infobox-icon-above-title uagb-infobox-image-valign-top wp-block-uagb-info-box--has-margin\"><div class=\"uagb-infobox-margin-wrapper\"><div class=\"uagb-ifb-content\"><div class=\"uagb-ifb-title-wrap\"><h3 class=\"uagb-ifb-title\">INDICE &amp; DESARROLLO 1. <\/h3><\/div><div class=\"uagb-ifb-separator\"><\/div><p class=\"uagb-ifb-desc\">FREE!.    Las primeras ense\u00f1anzas de la hospitalidad para cada puesto, estandares, protocolos, registros del ayer y del ma\u00f1ana. <\/p><\/div><\/div><\/div>\n\n\n\n<div class=\"wp-block-uagb-buttons uagb-buttons__outer-wrap uagb-btn__default-btn uagb-btn-tablet__default-btn uagb-btn-mobile__default-btn uagb-block-cd9548a8\"><div class=\"uagb-buttons__wrap uagb-buttons-layout-wrap \">\n<div class=\"wp-block-uagb-buttons-child uagb-buttons__outer-wrap uagb-block-383a2d8b wp-block-button\"><div class=\"uagb-button__wrapper\"><a class=\"uagb-buttons-repeater wp-block-button__link\" aria-label=\"\" href=\"https:\/\/pagus.site\/wp-content\/uploads\/2025\/05\/INDICE-Y-DESARROLLO-1.pdf\" rel=\"follow noopener\" target=\"_self\" role=\"button\"><div class=\"uagb-button__link\">Download<\/div><\/a><\/div><\/div>\n<\/div><\/div>\n\n\n\n<div class=\"wp-block-uagb-image uagb-block-a0119da1 wp-block-uagb-image--layout-default wp-block-uagb-image--effect-static wp-block-uagb-image--align-none\"><figure class=\"wp-block-uagb-image__figure\"><img decoding=\"async\" srcset=\"https:\/\/pagus.site\/wp-content\/uploads\/2025\/05\/tapaX8ok-640x1024.jpg ,https:\/\/pagus.site\/wp-content\/uploads\/2025\/05\/tapaX8ok.jpg 780w, https:\/\/pagus.site\/wp-content\/uploads\/2025\/05\/tapaX8ok.jpg 360w\" sizes=\"auto, (max-width: 480px) 150px\" src=\"https:\/\/pagus.site\/wp-content\/uploads\/2025\/05\/tapaX8ok-640x1024.jpg\" alt=\"\" class=\"uag-image-2819\" width=\"1600\" height=\"2560\" title=\"tapaX8ok\" loading=\"lazy\" role=\"img\"\/><\/figure><\/div>\n<\/div>\n\n\n\n<div class=\"wp-block-uagb-container uagb-block-2c94fdc5\">\n<div class=\"wp-block-uagb-info-box uagb-block-6c30c69b uagb-infobox__content-wrap  uagb-infobox-icon-above-title uagb-infobox-image-valign-top wp-block-uagb-info-box--has-margin\"><div class=\"uagb-infobox-margin-wrapper\"><div class=\"uagb-ifb-content\"><div class=\"uagb-ifb-title-wrap\"><h3 class=\"uagb-ifb-title\">EL SISTEMA DE <br>GESTION SUSTENTABLE<\/h3><\/div><div class=\"uagb-ifb-separator\"><\/div><p class=\"uagb-ifb-desc\">Ganar, ganar y ganar con la activacion de un sistema sustentable desde su inicio hatsa el nivel avanzado<\/p><\/div><\/div><\/div>\n\n\n\n<div class=\"wp-block-uagb-container uagb-layout-grid uagb-block-151fb2e2\">\n<div class=\"wp-block-uagb-advanced-heading uagb-block-52ed6f9d\"><\/div>\n<\/div>\n\n\n\n<div class=\"wp-block-uagb-buttons uagb-buttons__outer-wrap uagb-btn__default-btn uagb-btn-tablet__default-btn uagb-btn-mobile__default-btn uagb-block-1f3984a6\"><div class=\"uagb-buttons__wrap uagb-buttons-layout-wrap \">\n<div class=\"wp-block-uagb-buttons-child uagb-buttons__outer-wrap uagb-block-fbfad8f7 wp-block-button\"><div class=\"uagb-button__wrapper\"><a class=\"uagb-buttons-repeater wp-block-button__link\" aria-label=\"\" href=\"https:\/\/pagus.site\/wp-content\/uploads\/2025\/05\/Sistema-de-Gestion-Sustentable-1-LIBRO.docx.pdf\" rel=\"follow noopener\" target=\"_self\" role=\"button\"><div class=\"uagb-button__link\">Download<\/div><\/a><\/div><\/div>\n<\/div><\/div>\n\n\n\n<div class=\"wp-block-uagb-image uagb-block-67410f0d wp-block-uagb-image--layout-default wp-block-uagb-image--effect-static wp-block-uagb-image--align-none\"><figure class=\"wp-block-uagb-image__figure\"><img decoding=\"async\" srcset=\"https:\/\/pagus.site\/wp-content\/uploads\/2025\/05\/tapaX92sgsOK-640x1024.jpg ,https:\/\/pagus.site\/wp-content\/uploads\/2025\/05\/tapaX92sgsOK.jpg 780w, https:\/\/pagus.site\/wp-content\/uploads\/2025\/05\/tapaX92sgsOK.jpg 360w\" sizes=\"auto, (max-width: 480px) 150px\" src=\"https:\/\/pagus.site\/wp-content\/uploads\/2025\/05\/tapaX92sgsOK-640x1024.jpg\" alt=\"\" class=\"uag-image-2818\" width=\"1600\" height=\"2560\" title=\"tapaX92sgsOK\" loading=\"lazy\" role=\"img\"\/><\/figure><\/div>\n<\/div>\n\n\n\n<div class=\"wp-block-uagb-container uagb-block-fd68aa4b\">\n<div class=\"wp-block-uagb-info-box uagb-block-709ae4d8 uagb-infobox__content-wrap  uagb-infobox-icon-above-title uagb-infobox-image-valign-top wp-block-uagb-info-box--has-margin\"><div class=\"uagb-infobox-margin-wrapper\"><div class=\"uagb-ifb-content\"><div class=\"uagb-ifb-title-wrap\"><h3 class=\"uagb-ifb-title\">CURSO o BOOK <br><br>INDICE &amp; DESARROLLO 2.  Nivel avanzado<\/h3><\/div><div class=\"uagb-ifb-separator\"><\/div><p class=\"uagb-ifb-desc\">El detalle de tecnicas  y acciones superadoras en la industrial.<\/p><\/div><\/div><\/div>\n\n\n\n<div class=\"wp-block-uagb-buttons uagb-buttons__outer-wrap uagb-btn__default-btn uagb-btn-tablet__default-btn uagb-btn-mobile__default-btn uagb-block-5da619c0\"><div class=\"uagb-buttons__wrap uagb-buttons-layout-wrap \">\n<div class=\"wp-block-uagb-buttons-child uagb-buttons__outer-wrap uagb-block-b4425973 wp-block-button\"><div class=\"uagb-button__wrapper\"><a class=\"uagb-buttons-repeater wp-block-button__link\" aria-label=\"\" href=\"#\" rel=\"follow noopener\" target=\"_self\" role=\"button\"><div class=\"uagb-button__link\">Download<\/div><\/a><\/div><\/div>\n<\/div><\/div>\n\n\n\n<div class=\"wp-block-uagb-image uagb-block-6380c8e0 wp-block-uagb-image--layout-default wp-block-uagb-image--effect-static wp-block-uagb-image--align-none\"><figure class=\"wp-block-uagb-image__figure\"><img decoding=\"async\" srcset=\"https:\/\/pagus.site\/wp-content\/uploads\/2025\/05\/tapaX92INDICE2-640x1024.jpg ,https:\/\/pagus.site\/wp-content\/uploads\/2025\/05\/tapaX92INDICE2.jpg 780w, https:\/\/pagus.site\/wp-content\/uploads\/2025\/05\/tapaX92INDICE2.jpg 360w\" sizes=\"auto, (max-width: 480px) 150px\" src=\"https:\/\/pagus.site\/wp-content\/uploads\/2025\/05\/tapaX92INDICE2-640x1024.jpg\" alt=\"\" class=\"uag-image-2813\" width=\"300\" height=\"480\" title=\"tapaX92INDICE2\" loading=\"lazy\" role=\"img\"\/><\/figure><\/div>\n<\/div>\n\n\n\n<div class=\"wp-block-uagb-container uagb-block-3c5791f9\">\n<div class=\"wp-block-uagb-info-box uagb-block-c5d41b45 uagb-infobox__content-wrap  uagb-infobox-icon-above-title uagb-infobox-image-valign-top wp-block-uagb-info-box--has-margin\"><div class=\"uagb-infobox-margin-wrapper\"><div class=\"uagb-ifb-content\"><div class=\"uagb-ifb-title-wrap\"><h3 class=\"uagb-ifb-title\">AA&amp;BB<\/h3><\/div><div class=\"uagb-ifb-separator\"><\/div><p class=\"uagb-ifb-desc\">Desde el concepto, estilo, cocina y  recetas hasta el stock, compras, supervision, equipos,  ventas, admin y mejoras<\/p><\/div><\/div><\/div>\n\n\n\n<div class=\"wp-block-uagb-container uagb-layout-grid uagb-block-d9b647a2\">\n<div class=\"wp-block-uagb-image uagb-block-7dc6cfd6 wp-block-uagb-image--layout-default wp-block-uagb-image--effect-static wp-block-uagb-image--align-none\"><figure class=\"wp-block-uagb-image__figure\"><img decoding=\"async\" srcset=\"https:\/\/pagus.site\/wp-content\/uploads\/2025\/05\/tapaX92AABBok-1-640x1024.jpg ,https:\/\/pagus.site\/wp-content\/uploads\/2025\/05\/tapaX92AABBok-1.jpg 780w, https:\/\/pagus.site\/wp-content\/uploads\/2025\/05\/tapaX92AABBok-1.jpg 360w\" sizes=\"auto, (max-width: 480px) 150px\" src=\"https:\/\/pagus.site\/wp-content\/uploads\/2025\/05\/tapaX92AABBok-1-640x1024.jpg\" alt=\"\" class=\"uag-image-2904\" width=\"150\" height=\"240\" title=\"tapaX92AABBok\" loading=\"lazy\" role=\"img\"\/><\/figure><\/div>\n<\/div>\n\n\n\n<div class=\"wp-block-uagb-buttons uagb-buttons__outer-wrap uagb-btn__default-btn uagb-btn-tablet__default-btn uagb-btn-mobile__default-btn uagb-block-575e1e22\"><div class=\"uagb-buttons__wrap uagb-buttons-layout-wrap \">\n<div class=\"wp-block-uagb-buttons-child uagb-buttons__outer-wrap uagb-block-558e41ab wp-block-button\"><div class=\"uagb-button__wrapper\"><a class=\"uagb-buttons-repeater wp-block-button__link\" aria-label=\"\" href=\"#\" rel=\"follow noopener\" target=\"_self\" role=\"button\"><div class=\"uagb-button__link\">Download<\/div><\/a><\/div><\/div>\n<\/div><\/div>\n<\/div>\n\n\n\n<div class=\"wp-block-uagb-container uagb-block-1ff25817\">\n<div class=\"wp-block-uagb-info-box uagb-block-ad2d048c uagb-infobox__content-wrap  uagb-infobox-icon-above-title uagb-infobox-image-valign-top wp-block-uagb-info-box--has-margin\"><div class=\"uagb-infobox-margin-wrapper\"><div class=\"uagb-ifb-content\"><div class=\"uagb-ifb-title-wrap\"><h3 class=\"uagb-ifb-title\">Hotel. Curso de Manejo Basico<\/h3><\/div><div class=\"uagb-ifb-separator\"><\/div><p class=\"uagb-ifb-desc\">Las formas son importantes y el conocimiento tambien<\/p><\/div><\/div><\/div>\n\n\n\n<div class=\"wp-block-uagb-container uagb-layout-grid uagb-block-b14ed93c\">\n<div class=\"wp-block-uagb-advanced-heading uagb-block-c96201b0\"><h5 class=\"uagb-heading-text\">Written By<br>Gustavo Paganini\u200b<\/h5><\/div>\n\n\n\n<div class=\"wp-block-uagb-image alignright uagb-block-af8fb82c wp-block-uagb-image--layout-default wp-block-uagb-image--effect-static wp-block-uagb-image--align-right aligncenter\"><figure class=\"wp-block-uagb-image__figure\"><img decoding=\"async\" srcset=\"https:\/\/pagus.site\/wp-content\/uploads\/2020\/09\/book-05.png \" sizes=\"auto, (max-width: 480px) 150px\" src=\"https:\/\/pagus.site\/wp-content\/uploads\/2020\/09\/book-05.png\" alt=\"\" class=\"uag-image-541\" width=\"120\" height=\"120\" title=\"\" loading=\"lazy\" role=\"img\"\/><\/figure><\/div>\n<\/div>\n\n\n\n<div class=\"wp-block-uagb-buttons uagb-buttons__outer-wrap uagb-btn__default-btn uagb-btn-tablet__default-btn uagb-btn-mobile__default-btn uagb-block-29ec728a\"><div class=\"uagb-buttons__wrap uagb-buttons-layout-wrap \">\n<div class=\"wp-block-uagb-buttons-child uagb-buttons__outer-wrap uagb-block-5b770c8e wp-block-button\"><div class=\"uagb-button__wrapper\"><a class=\"uagb-buttons-repeater wp-block-button__link\" aria-label=\"\" href=\"#\" rel=\"follow noopener\" target=\"_self\" role=\"button\"><div class=\"uagb-button__link\">Download<\/div><\/a><\/div><\/div>\n<\/div><\/div>\n<\/div>\n\n\n\n<div class=\"wp-block-uagb-container uagb-block-2d9aedcf\">\n<div class=\"wp-block-uagb-info-box uagb-block-dd6bc6e1 uagb-infobox__content-wrap  uagb-infobox-icon-above-title uagb-infobox-image-valign-top wp-block-uagb-info-box--has-margin\"><div class=\"uagb-infobox-margin-wrapper\"><div class=\"uagb-ifb-content\"><div class=\"uagb-ifb-title-wrap\"><h3 class=\"uagb-ifb-title\">Hotel. Curso e     E-book personalizado<\/h3><\/div><div class=\"uagb-ifb-separator\"><\/div><p class=\"uagb-ifb-desc\">Si ya estas en el rubro, tenes una idea  en cuanto a que te gustaria aprender y profundizar para destacarte.  Contruyamos juntos el curso o E-book<\/p><\/div><\/div><\/div>\n\n\n\n<div class=\"wp-block-uagb-container uagb-layout-grid uagb-block-29429e86\">\n<div class=\"wp-block-uagb-advanced-heading uagb-block-03a4686c\"><h5 class=\"uagb-heading-text\">\u200b<\/h5><\/div>\n\n\n\n<div class=\"wp-block-uagb-image alignright uagb-block-787bbfd0 wp-block-uagb-image--layout-default wp-block-uagb-image--effect-static wp-block-uagb-image--align-right aligncenter\"><figure class=\"wp-block-uagb-image__figure\"><img decoding=\"async\" srcset=\"https:\/\/pagus.site\/wp-content\/uploads\/2020\/09\/book-04.png \" sizes=\"auto, (max-width: 480px) 150px\" src=\"https:\/\/pagus.site\/wp-content\/uploads\/2020\/09\/book-04.png\" alt=\"\" class=\"uag-image-540\" width=\"120\" height=\"120\" title=\"\" loading=\"lazy\" role=\"img\"\/><\/figure><\/div>\n<\/div>\n\n\n\n<div class=\"wp-block-uagb-buttons uagb-buttons__outer-wrap uagb-btn__default-btn uagb-btn-tablet__default-btn uagb-btn-mobile__default-btn uagb-block-c2f65a34\"><div class=\"uagb-buttons__wrap uagb-buttons-layout-wrap \">\n<div class=\"wp-block-uagb-buttons-child uagb-buttons__outer-wrap uagb-block-c8c771a1 wp-block-button\"><div class=\"uagb-button__wrapper\"><a class=\"uagb-buttons-repeater wp-block-button__link\" aria-label=\"\" href=\"#\" rel=\"follow noopener\" target=\"_self\" role=\"button\"><div class=\"uagb-button__link\">Download<\/div><\/a><\/div><\/div>\n<\/div><\/div>\n<\/div>\n<\/div>\n<\/div>\n<\/details>\n","protected":false},"excerpt":{"rendered":"<p>Te regalo un E-Book \u200b<\/p>\n","protected":false},"author":1,"featured_media":0,"parent":0,"menu_order":0,"comment_status":"closed","ping_status":"closed","template":"","meta":{"_uag_custom_page_level_css":"","site-sidebar-layout":"no-sidebar","site-content-layout":"plain-container","ast-site-content-layout":"full-width-container","site-content-style":"unboxed","site-sidebar-style":"unboxed","ast-global-header-display":"","ast-banner-title-visibility":"","ast-main-header-display":"","ast-hfb-above-header-display":"","ast-hfb-below-header-display":"","ast-hfb-mobile-header-display":"","site-post-title":"disabled","ast-breadcrumbs-content":"","ast-featured-img":"disabled","footer-sml-layout":"","theme-transparent-header-meta":"default","adv-header-id-meta":"","stick-header-meta":"","header-above-stick-meta":"","header-main-stick-meta":"","header-below-stick-meta":"","astra-migrate-meta-layouts":"set","ast-page-background-enabled":"default","ast-page-background-meta":{"desktop":{"background-color":"","background-image":"","background-repeat":"repeat","background-position":"center center","background-size":"auto","background-attachment":"scroll","background-type":"","background-media":"","overlay-type":"","overlay-color":"","overlay-opacity":"","overlay-gradient":""},"tablet":{"background-color":"","background-image":"","background-repeat":"repeat","background-position":"center center","background-size":"auto","background-attachment":"scroll","background-type":"","background-media":"","overlay-type":"","overlay-color":"","overlay-opacity":"","overlay-gradient":""},"mobile":{"background-color":"","background-image":"","background-repeat":"repeat","background-position":"center center","background-size":"auto","background-attachment":"scroll","background-type":"","background-media":"","overlay-type":"","overlay-color":"","overlay-opacity":"","overlay-gradient":""}},"ast-content-background-meta":{"desktop":{"background-color":"var(--ast-global-color-5)","background-image":"","background-repeat":"repeat","background-position":"center center","background-size":"auto","background-attachment":"scroll","background-type":"","background-media":"","overlay-type":"","overlay-color":"","overlay-opacity":"","overlay-gradient":""},"tablet":{"background-color":"var(--ast-global-color-5)","background-image":"","background-repeat":"repeat","background-position":"center center","background-size":"auto","background-attachment":"scroll","background-type":"","background-media":"","overlay-type":"","overlay-color":"","overlay-opacity":"","overlay-gradient":""},"mobile":{"background-color":"var(--ast-global-color-5)","background-image":"","background-repeat":"repeat","background-position":"center center","background-size":"auto","background-attachment":"scroll","background-type":"","background-media":"","overlay-type":"","overlay-color":"","overlay-opacity":"","overlay-gradient":""}},"footnotes":""},"class_list":["post-393","page","type-page","status-publish","hentry"],"uagb_featured_image_src":{"full":false,"thumbnail":false,"medium":false,"medium_large":false,"large":false,"1536x1536":false,"2048x2048":false},"uagb_author_info":{"display_name":"paggus@gmail.com","author_link":"https:\/\/pagus.site\/home\/author\/paggusgmail-com\/"},"uagb_comment_info":0,"uagb_excerpt":"Te regalo un E-Book \u200b","jetpack_sharing_enabled":true,"_links":{"self":[{"href":"https:\/\/pagus.site\/home\/wp-json\/wp\/v2\/pages\/393","targetHints":{"allow":["GET"]}}],"collection":[{"href":"https:\/\/pagus.site\/home\/wp-json\/wp\/v2\/pages"}],"about":[{"href":"https:\/\/pagus.site\/home\/wp-json\/wp\/v2\/types\/page"}],"author":[{"embeddable":true,"href":"https:\/\/pagus.site\/home\/wp-json\/wp\/v2\/users\/1"}],"replies":[{"embeddable":true,"href":"https:\/\/pagus.site\/home\/wp-json\/wp\/v2\/comments?post=393"}],"version-history":[{"count":34,"href":"https:\/\/pagus.site\/home\/wp-json\/wp\/v2\/pages\/393\/revisions"}],"predecessor-version":[{"id":3237,"href":"https:\/\/pagus.site\/home\/wp-json\/wp\/v2\/pages\/393\/revisions\/3237"}],"wp:attachment":[{"href":"https:\/\/pagus.site\/home\/wp-json\/wp\/v2\/media?parent=393"}],"curies":[{"name":"wp","href":"https:\/\/api.w.org\/{rel}","templated":true}]}}