{"id":391,"date":"2025-05-04T20:28:30","date_gmt":"2025-05-04T20:28:30","guid":{"rendered":"https:\/\/pagus.site\/about\/"},"modified":"2026-02-25T19:38:46","modified_gmt":"2026-02-25T19:38:46","slug":"about","status":"publish","type":"page","link":"https:\/\/pagus.site\/home\/about\/","title":{"rendered":"Sistema de Gestion"},"content":{"rendered":"\n<div class=\"wp-block-uagb-container uagb-block-92c53993 alignfull uagb-is-root-container\"><div class=\"uagb-container-inner-blocks-wrap\">\n<div class=\"wp-block-uagb-advanced-heading uagb-block-e9ccaa5f\"><h1 class=\"uagb-heading-text\"><br>Plataforma Compilance y<br>Sustentable.\u200b<\/h1><\/div>\n<\/div><\/div>\n\n\n\n<div class=\"wp-block-uagb-container uagb-block-07c8bcc3 alignfull uagb-is-root-container\"><div class=\"uagb-container-inner-blocks-wrap\">\n<div class=\"wp-block-uagb-advanced-heading uagb-block-c3863a21\"><h6 class=\"uagb-heading-text\">\u200b<\/h6><p class=\"uagb-desc-text\"><strong>Una plataforma Integral de Gesti\u00f3n Sustentable, Compliance y<\/strong> Eficiencia Financiera, \u00a0 <br>de triple ganancia ECON\u00d3MICA, GOBERNANZA\/ AMBIENTE Y SOCIAL.<br>Los hoteles necesitan una herramienta que les facilite la vida para no perder dinero.<\/p><\/div>\n\n\n\n<p><\/p>\n\n\n\n<figure class=\"wp-block-embed is-type-video is-provider-youtube wp-block-embed-youtube wp-embed-aspect-4-3 wp-has-aspect-ratio\"><div class=\"wp-block-embed__wrapper\">\n<div class=\"ast-oembed-container \" style=\"height: 100%;\"><iframe loading=\"lazy\" title=\"ECOTREX Una plataforma Integral de Gesti\u00f3n Sustentable, Complilance y Eficiencia Financiera\" width=\"500\" height=\"375\" src=\"https:\/\/www.youtube.com\/embed\/IQdK2oPYIq0?feature=oembed\" frameborder=\"0\" allow=\"accelerometer; autoplay; clipboard-write; encrypted-media; gyroscope; picture-in-picture; web-share\" referrerpolicy=\"strict-origin-when-cross-origin\" allowfullscreen><\/iframe><\/div>\n<\/div><\/figure>\n\n\n\n<p><strong>EXPERIENCIA COMPROBADA CON  RESULTADOS  CONCRETOS  Y  TANGIBLES<\/strong><\/p>\n\n\n\n<div class=\"wp-block-uagb-container uagb-block-5c428fd1\">\n<div class=\"wp-block-uagb-advanced-heading uagb-block-db7fef03\"><p class=\"uagb-desc-text\">Experiencia Comprobada y Resultados Concretos:<br>Con m\u00e1s de 20 a\u00f1os de experiencia en la industria hotelera, he liderado operaciones en destacados hoteles y resorts de Argentina y Brasil, demostrando una capacidad para mejorar la rentabilidad, optimizar costos y elevar est\u00e1ndares de servicio. Adem\u00e1s de ser recepcionista en la Patagonia.<br>&nbsp;<br>Todos mis resultados son comprobados en las referencias, en cada destino y puesto me enfoque y oriente a la consecuci\u00f3n de objetivos y la mejora continua.<br><br><strong>\ud83d\udcc8 Gerente General en Howard Johnson Chascom\u00fas (Argentina)<\/strong>(2019-2022)<strong><br><\/strong>Como Gerente General del Howard Johnson Chascom\u00fas, logr\u00e9 revertir p\u00e9rdidas hist\u00f3ricas e implementar exitosas estrategias, incluso durante la pandemia.<br>Certificaci\u00f3n anti-COVID con normas IRAM, asegurando operaciones seguras.<br>Reconocimiento municipal por albergar pacientes durante la emergencia sanitaria.<br>Implement\u00e9 certificaci\u00f3n anti-COVID<br>Realic\u00e9 obras de ampliaci\u00f3n y renovaci\u00f3n.<br><br>&nbsp;<strong>\ud83c\udfc6 Gerente Operativo en Howard Johnson Yerba Buena (Argentina)<br><\/strong>Alcanzamos el reconocimiento nacional como el mejor hotel de la cadena en 2016. Certificaci\u00f3n como Mejor HJ de Argentina, Uruguay y Paraguay (2016)<br>Certificaci\u00f3n de Sustentabilidad Nivel Avanzado (AHT).Implementaci\u00f3n de sistema de gesti\u00f3n sustentable y altos estandares de servicio.<br>Top 3 en rankings de Tripadvisor y Booking 2015 y 2016.                          .                                                                                                                           <strong>\ud83c\udf34 Flor da Mata (Brasil)<br><\/strong>Mi experiencia internacional incluye la direcci\u00f3n del Flor da Mata en Brasil, donde mantuvimos una calificaci\u00f3n de 5 estrellas.<br>avance en la Profesionalizaci\u00f3n de operaciones en un mercado competitivo.<br>Servicios para Inversionistas<br>Auditor\u00eda Operativa<br>Diagn\u00f3stico de eficiencia en Housekeeping, Front Desk, F&amp;B y Mantenimiento.<\/p><\/div>\n\n\n\n<div class=\"wp-block-uagb-advanced-heading uagb-block-ccd9dac2\"><p class=\"uagb-desc-text\">  <strong>Asesor en La Aguada Hotel, Catamarca (2024-2025)<br><\/strong>Brind\u00e9 consultor\u00eda operativa y estrat\u00e9gica para este hotel boutique, optimizando sus procesos y est\u00e1ndares de servicio. Con una exitosa campa\u00f1a de ventas en redes sociales.<br><strong>                                                                                                               Gerente Operativo en Altos de la Vi\u00f1a, Jujuy (2023-2024)<br><\/strong>Lider\u00e9 un equipo de 40 empleados en este complejo tur\u00edstico, logrando:<br>Excelente calificaci\u00f3n de 4.5 en Google<br>Organizaci\u00f3n exitosa de eventos como la Feria del Vino<br>Renovaci\u00f3n de la cocina y del personal de alimentos y bebidas<br><strong>                                                                                                                Gerente en RAKI Parque A\u00e9reo, Tucum\u00e1n (2022-2023):<br><\/strong>Hice una Brillante atenci\u00f3n al cliente en Raki y un mantenimiento perfecto de la operacion..&nbsp;<br>Implement\u00e9 sistemas de trazabilidad operativa<br>Logramos calificaci\u00f3n 4.7 en Google<br>Optimic\u00e9 compras e inventarios.<br>No colabore en marketing, ni ventas.<br>                                                                                                            <strong>Costarenas Hotel &amp; Spa (2017-2018)Como Gerente:<br><\/strong>Aument\u00e9 la ocupaci\u00f3n en un 12% y el RevPAR en un 46%<br>Mejor\u00e9 ranking en Tripadvisor del puesto 15 al 3 del restaurante y cenas tematicas semanales.<br>Implement\u00e9 nuevo sistema de revenue management.                   <br>                                                                                                                            Especializado en la operaci\u00f3n total de grandes hoteles,&nbsp; tambien en el inicio del revenue management y aplicando exitosos planes y acciones de marketing digital desde 2009, junto a la gesti\u00f3n de equipos multiculturales y mejora de la arquitectura edilicia, <strong>ofrezco una combinaci\u00f3n \u00fanica de habilidades operativas y visi\u00f3n estrat\u00e9gica<\/strong>, respaldada por certificaciones en sustentabilidad y calidad tur\u00edstica. Un enfoque pr\u00e1ctico centrado en resultados planeados, estoy preparado para asumir nuevos desaf\u00edos que transforman propiedades en negocios pr\u00f3speros y conocidos en el mercado.<br>                                             Aprend\u00ed que la grandeza no reside en los muros, sino en el esp\u00edritu de quienes los habitan. Desde mis primeros pasos como conserje en el Center Hotel hasta dirigir emblem\u00e1ticos establecimientos, cada escal\u00f3n ha sido tallado con sudor, lectura, an\u00e1lisis, ingenio, valent\u00eda y dedicaci\u00f3n<strong>  compromiso,&nbsp; la honestidad y el esfuerzo.<\/strong> <\/p><\/div>\n<\/div>\n<\/div><\/div>\n\n\n\n<div class=\"wp-block-uagb-container uagb-block-703f856f alignfull uagb-is-root-container\"><div class=\"uagb-container-inner-blocks-wrap\">\n<div class=\"wp-block-uagb-container uagb-block-7f91e4f3\">\n<div class=\"wp-block-uagb-advanced-heading uagb-block-be72ea72\"><h2 class=\"uagb-heading-text\">Feedback &amp; Reviews\u200b<\/h2><p class=\"uagb-desc-text\">Las opiniones de Propietarios y directores .<\/p><\/div>\n\n\n\n<div class=\"wp-block-uagb-container uagb-block-0abb6856\">\n<div class=\"wp-block-uagb-container uagb-block-3cb0c682\">\n<div class=\"wp-block-uagb-info-box uagb-block-0d4f220c uagb-infobox__content-wrap  uagb-infobox-icon-above-title uagb-infobox-image-valign-top wp-block-uagb-info-box--has-margin\"><div class=\"uagb-infobox-margin-wrapper\"><div class=\"uagb-ifb-content\"><div class=\"uagb-ifb-icon-wrap\"><svg xmlns=\"https:\/\/www.w3.org\/2000\/svg\" viewBox=\"0 0 448 512\"><path d=\"M96 96C42.98 96 0 138.1 0 192s42.98 96 96 96c11.28 0 21.95-2.305 32-5.879V288c0 35.3-28.7 64-64 64c-17.67 0-32 14.33-32 32s14.33 32 32 32c70.58 0 128-57.42 128-128V192C192 138.1 149 96 96 96zM448 192c0-53.02-42.98-96-96-96s-96 42.98-96 96s42.98 96 96 96c11.28 0 21.95-2.305 32-5.879V288c0 35.3-28.7 64-64 64c-17.67 0-32 14.33-32 32s14.33 32 32 32c70.58 0 128-57.42 128-128V192z\"><\/path><\/svg><\/div><div class=\"uagb-ifb-title-wrap\"><\/div><p class=\"uagb-ifb-desc\">\u00abAplico magia desde el 2008, cuando debia invertir mucho en las caba\u00f1as.\u00bb<\/p><\/div><\/div><\/div>\n\n\n\n<div class=\"wp-block-uagb-advanced-heading uagb-block-7e925f79\"><h4 class=\"uagb-heading-text\">Juan Luis Sanchez\u200b<\/h4><p class=\"uagb-desc-text\">Ex propietario Caba\u00f1as del SOl<\/p><\/div>\n<\/div>\n\n\n\n<div class=\"wp-block-uagb-container uagb-block-4bfaf88b\">\n<div class=\"wp-block-uagb-info-box uagb-block-24e1edea uagb-infobox__content-wrap  uagb-infobox-icon-above-title uagb-infobox-image-valign-top\"><div class=\"uagb-ifb-content\"><div class=\"uagb-ifb-icon-wrap\"><svg xmlns=\"https:\/\/www.w3.org\/2000\/svg\" viewBox=\"0 0 448 512\"><path d=\"M96 96C42.98 96 0 138.1 0 192s42.98 96 96 96c11.28 0 21.95-2.305 32-5.879V288c0 35.3-28.7 64-64 64c-17.67 0-32 14.33-32 32s14.33 32 32 32c70.58 0 128-57.42 128-128V192C192 138.1 149 96 96 96zM448 192c0-53.02-42.98-96-96-96s-96 42.98-96 96s42.98 96 96 96c11.28 0 21.95-2.305 32-5.879V288c0 35.3-28.7 64-64 64c-17.67 0-32 14.33-32 32s14.33 32 32 32c70.58 0 128-57.42 128-128V192z\"><\/path><\/svg><\/div><div class=\"uagb-ifb-title-wrap\"><\/div><p class=\"uagb-ifb-desc\">\u00abAen sit.\u00bb<\/p><\/div><\/div>\n\n\n\n<div class=\"wp-block-uagb-advanced-heading uagb-block-8861dbd8\"><h4 class=\"uagb-heading-text\">Bernardo<\/h4><p class=\"uagb-desc-text\">Propietario de RAKI<\/p><\/div>\n<\/div>\n\n\n\n<div class=\"wp-block-uagb-container uagb-block-4cb1a3bc\">\n<div class=\"wp-block-uagb-info-box uagb-block-e3eb84dd uagb-infobox__content-wrap  uagb-infobox-icon-above-title uagb-infobox-image-valign-top\"><div class=\"uagb-ifb-content\"><div class=\"uagb-ifb-icon-wrap\"><svg xmlns=\"https:\/\/www.w3.org\/2000\/svg\" viewBox=\"0 0 448 512\"><path d=\"M96 96C42.98 96 0 138.1 0 192s42.98 96 96 96c11.28 0 21.95-2.305 32-5.879V288c0 35.3-28.7 64-64 64c-17.67 0-32 14.33-32 32s14.33 32 32 32c70.58 0 128-57.42 128-128V192C192 138.1 149 96 96 96zM448 192c0-53.02-42.98-96-96-96s-96 42.98-96 96s42.98 96 96 96c11.28 0 21.95-2.305 32-5.879V288c0 35.3-28.7 64-64 64c-17.67 0-32 14.33-32 32s14.33 32 32 32c70.58 0 128-57.42 128-128V192z\"><\/path><\/svg><\/div><div class=\"uagb-ifb-title-wrap\"><\/div><p class=\"uagb-ifb-desc\">\u00abTuvimos la suerte de trabajar con Gustavo en un momento muy dif\u00edcil para el hotel. Particularmente nos ense\u00f1\u00f3 mucho sobre el manejo del hotel y nos ayud\u00f3 a superar los obst\u00e1culos que se presentaron con la pandemia. Colaboro en el desarrollo de varias etapas de la consolidaci\u00f3n y crecimiento del hotel. Muchas gracias Gustavo !!.\u00bb<\/p><\/div><\/div>\n\n\n\n<div class=\"wp-block-uagb-advanced-heading uagb-block-28b6ab6d\"><h4 class=\"uagb-heading-text\">Jorge Ramallo<\/h4><p class=\"uagb-desc-text\">Socio Director Howard Jhonson Chascomus<\/p><\/div>\n<\/div>\n\n\n\n<blockquote class=\"wp-block-quote is-layout-flow wp-block-quote-is-layout-flow\">\n<p><strong>Andres<\/strong><\/p>\n<\/blockquote>\n\n\n\n<p><strong>German<\/strong><\/p>\n\n\n\n<p><strong>Gabriel<\/strong><\/p>\n<\/div>\n<\/div>\n<\/div><\/div>\n\n\n\n<div class=\"wp-block-uagb-container uagb-block-7c5d99b4 alignfull uagb-is-root-container\"><div class=\"uagb-container-inner-blocks-wrap\">\n<div class=\"wp-block-uagb-advanced-heading uagb-block-5a7beb77\"><h2 class=\"uagb-heading-text\">Lo que mejor se hacer,   SUSTENTABILIDAD \u200b<\/h2><p class=\"uagb-desc-text\">\ud83d\udd1d M\u00c9TODO PARA TRANSFORMAR UN HOTEL EN UNA M\u00c1QUINA DE RESULTADOS y ALEGRIA:<\/p><\/div>\n\n\n\n<div class=\"wp-block-uagb-container uagb-block-4d223efd\">\n<div class=\"wp-block-uagb-info-box uagb-block-c9bad9be uagb-infobox__content-wrap  uagb-infobox-icon-above-title uagb-infobox-image-valign-top wp-block-uagb-info-box--has-margin\"><div class=\"uagb-infobox-margin-wrapper\"><div class=\"uagb-ifb-content\"><div class=\"uagb-ifb-title-wrap\"><div class=\"uagb-ifb-separator\"><\/div><\/div><p class=\"uagb-ifb-desc\">\ud83d\udd1d M\u00c9TODO PARA TRANSFORMAR UN HOTEL EN UNA M\u00c1QUINA DE RESULTADOS y ALEGRIA:<br><br>No gestiono hoteles: construyo sistemas que generan rentabilidad y experiencias memorables. <br><br>As\u00ed suele ser mi operativa:<br><br>\ud83d\udcc8 ESTRATEGIA INTEGRAL (MES 1-2)<br><br>Dise\u00f1o el plan maestro (objetivos, presupuesto, organigrama y KPIs) junto a la direcci\u00f3n, con planes A y B (contingencia).<br><br>Creo el ecosistema comercial (marketing + revenue management + experiencia del hu\u00e9sped + momentos WOW).<br><br>Implemento procedimientos \u00abpopulares\u00bb y checklists de una carilla, por \u00e1rea para escalar la calidad.<br><br>Reingenier\u00eda del equipo: capacitaci\u00f3n + polifuncionalidad + cultura de puertas abiertas.<br><br>\ud83d\udcc6 RUTINA SEMANAL CLAVE<br><br>\u2714 Control financiero: seguimiento presupuestario y revenue management.<br>\u2714 Optimizaci\u00f3n comercial: estrategias de venta, ofertas, tarifas y fidelizaci\u00f3n.<br>\u2714 Formaci\u00f3n de equipos: reuniones \u00e1giles + resoluci\u00f3n de gaps operativos.<\/p><\/div><\/div><\/div>\n\n\n\n<div class=\"wp-block-uagb-info-box uagb-block-c177b1fc uagb-infobox__content-wrap  uagb-infobox-icon-above-title uagb-infobox-image-valign-top wp-block-uagb-info-box--has-margin\"><div class=\"uagb-infobox-margin-wrapper\"><div class=\"uagb-ifb-content\"><div class=\"uagb-ifb-title-wrap\"><div class=\"uagb-ifb-separator\"><\/div><\/div><p class=\"uagb-ifb-desc\">\ud83c\udf05 RUTINA DIARIA: EXCELENCIA EN 360\u00b0 + liturgia.<br><br>Recorridos estrat\u00e9gicos y micro reunion por todas las \u00e1reas (mantenimiento, housekeeping, F&amp;B, ventas, spa, mozos, admin\u2026).<br>Enfoque en el hu\u00e9sped: resoluci\u00f3n proactiva + auditor\u00eda de experiencia.<br>Data-driven: an\u00e1lisis de m\u00e9tricas en tiempo real para tomar decisiones.<br><br>\u2728 EL SECRETO<br>No se trata de \u00abhacer\u00bb, sino de \u00abhacer que todo encaje\u00bb: equipos alineados, procesos fluidos y hu\u00e9spedes que vuelven, esto en una constante adaptacion al momento<br><br>.\u00bfEl resultado? Un hotel que supera sus n\u00fameros\u2026 y expectativas.<br>El secreto no es: con que, ni el c\u00f3mo, ni el porqu\u00e9, ni el cu\u00e1ndo o para qu\u00e9, el secreto es la forma y la energ\u00eda en esas rutinas en b\u00fasqueda de felicidad y perfecci\u00f3n, encontrando ALGO M\u00c1S para cada persona con la que interactuamos.<br><br>\ud83d\udd0e \u00bfPOR QU\u00c9 FUNCIONA?<br>Enfoque en ROI: cada acci\u00f3n est\u00e1 ligada a indicadores de rentabilidad desde la empatia.<br><br>Liderazgo pr\u00e1ctico: presencia en lobby, piso, parque + gesti\u00f3n basada en datos + ser humano justo.<br><br>Flexibilidad: adaptaci\u00f3n constante a las necesidades del mercado.<br><br>\u00bfQuieres llevar tu hotel al siguiente nivel? Hablemos<\/p><\/div><\/div><\/div>\n<\/div>\n\n\n\n<div class=\"wp-block-uagb-container uagb-block-9d9ab17d\">\n<div class=\"wp-block-uagb-info-box uagb-block-c9a16da7 uagb-infobox__content-wrap  uagb-infobox-icon-above-title uagb-infobox-image-valign-top wp-block-uagb-info-box--has-margin\"><div class=\"uagb-infobox-margin-wrapper\"><div class=\"uagb-ifb-content\"><div class=\"uagb-ifb-title-wrap\"><div class=\"uagb-ifb-separator\"><\/div><\/div><p class=\"uagb-ifb-desc\"><strong>La sustentabilidad es la base de EL PLAN y sus acciones en la gestion de la calidad total, en constante adaptacion y retroalimentacion.<\/strong><br><br>Los pasos:<br>1.- Estudiar, analizar y definir OBJETIVOS.<br>2.- Presupuesto, revenue, reglas y planes principales<br>3.- Relevar los recursos (materiales, tecnicos, economicos y humanos).<br>4.- Definir la administracion contable, financiero.<br>5.- Entrenar la operacion de cada \u00e4rea.<br>6.- Plan y accion de marketing y ventas.<br>7.- Plan y accion de mantenimiento e infraestructura.<br>8.- Aplicar el sistema de gestion sustentable, mediciones y calidad.<br>9.- Aplicar los indicadores, controles y ajustes.<\/p><\/div><\/div><\/div>\n\n\n\n<div class=\"wp-block-uagb-container uagb-block-852618c9\">\n<div class=\"wp-block-uagb-info-box uagb-block-33f9edf7 uagb-infobox__content-wrap  uagb-infobox-icon-above-title uagb-infobox-image-valign-top wp-block-uagb-info-box--has-margin uag-blocks-common-selector\" style=\"--z-index-desktop:194;;--z-index-tablet:undefined;;--z-index-mobile:undefined;\"><div class=\"uagb-infobox-margin-wrapper\"><div class=\"uagb-ifb-content\"><div class=\"uagb-ifb-title-wrap\"><div class=\"uagb-ifb-separator\"><\/div><h2 class=\"uagb-ifb-title\">Gerente &amp; Asesor hotelero desde 2008<\/h2><\/div><p class=\"uagb-ifb-desc\"> <br><\/p><div class=\"uagb-ifb-button-wrapper wp-block-button\"><a href=\"#\" class=\"uagb-infobox-cta-link ast-outline-button\" target=\"_self\" rel=\"noopener noreferrer\" style=\"border-width:revert-layer\" onclick=\"return false;\"><span class=\"uagb-inline-editing\">+549 2932 610274<\/span><\/a><\/div><\/div><\/div><\/div>\n<\/div>\n<\/div>\n<\/div><\/div>\n","protected":false},"excerpt":{"rendered":"<p>Plataforma Compilance ySustentable.\u200b \u200b Una plataforma Integral de Gesti\u00f3n Sustentable, Compliance y Eficiencia Financiera, \u00a0 de triple ganancia ECON\u00d3MICA, GOBERNANZA\/ AMBIENTE Y SOCIAL.Los hoteles necesitan una herramienta que les facilite la vida para no perder dinero. EXPERIENCIA COMPROBADA CON RESULTADOS CONCRETOS Y TANGIBLES Experiencia Comprobada y Resultados Concretos:Con m\u00e1s de 20 a\u00f1os de experiencia en [&hellip;]<\/p>\n","protected":false},"author":1,"featured_media":0,"parent":0,"menu_order":0,"comment_status":"closed","ping_status":"closed","template":"","meta":{"_uag_custom_page_level_css":"","site-sidebar-layout":"no-sidebar","site-content-layout":"plain-container","ast-site-content-layout":"full-width-container","site-content-style":"unboxed","site-sidebar-style":"unboxed","ast-global-header-display":"","ast-banner-title-visibility":"","ast-main-header-display":"","ast-hfb-above-header-display":"","ast-hfb-below-header-display":"","ast-hfb-mobile-header-display":"","site-post-title":"disabled","ast-breadcrumbs-content":"","ast-featured-img":"disabled","footer-sml-layout":"","theme-transparent-header-meta":"default","adv-header-id-meta":"","stick-header-meta":"","header-above-stick-meta":"","header-main-stick-meta":"","header-below-stick-meta":"","astra-migrate-meta-layouts":"set","ast-page-background-enabled":"default","ast-page-background-meta":{"desktop":{"background-color":"","background-image":"","background-repeat":"repeat","background-position":"center center","background-size":"auto","background-attachment":"scroll","background-type":"","background-media":"","overlay-type":"","overlay-color":"","overlay-opacity":"","overlay-gradient":""},"tablet":{"background-color":"","background-image":"","background-repeat":"repeat","background-position":"center center","background-size":"auto","background-attachment":"scroll","background-type":"","background-media":"","overlay-type":"","overlay-color":"","overlay-opacity":"","overlay-gradient":""},"mobile":{"background-color":"","background-image":"","background-repeat":"repeat","background-position":"center center","background-size":"auto","background-attachment":"scroll","background-type":"","background-media":"","overlay-type":"","overlay-color":"","overlay-opacity":"","overlay-gradient":""}},"ast-content-background-meta":{"desktop":{"background-color":"var(--ast-global-color-5)","background-image":"","background-repeat":"repeat","background-position":"center center","background-size":"auto","background-attachment":"scroll","background-type":"","background-media":"","overlay-type":"","overlay-color":"","overlay-opacity":"","overlay-gradient":""},"tablet":{"background-color":"var(--ast-global-color-5)","background-image":"","background-repeat":"repeat","background-position":"center center","background-size":"auto","background-attachment":"scroll","background-type":"","background-media":"","overlay-type":"","overlay-color":"","overlay-opacity":"","overlay-gradient":""},"mobile":{"background-color":"var(--ast-global-color-5)","background-image":"","background-repeat":"repeat","background-position":"center center","background-size":"auto","background-attachment":"scroll","background-type":"","background-media":"","overlay-type":"","overlay-color":"","overlay-opacity":"","overlay-gradient":""}},"footnotes":""},"class_list":["post-391","page","type-page","status-publish","hentry"],"uagb_featured_image_src":{"full":false,"thumbnail":false,"medium":false,"medium_large":false,"large":false,"1536x1536":false,"2048x2048":false},"uagb_author_info":{"display_name":"paggus@gmail.com","author_link":"https:\/\/pagus.site\/home\/author\/paggusgmail-com\/"},"uagb_comment_info":0,"uagb_excerpt":"Plataforma Compilance ySustentable.\u200b \u200b Una plataforma Integral de Gesti\u00f3n Sustentable, Compliance y Eficiencia Financiera, \u00a0 de triple ganancia ECON\u00d3MICA, GOBERNANZA\/ AMBIENTE Y SOCIAL.Los hoteles necesitan una herramienta que les facilite la vida para no perder dinero. EXPERIENCIA COMPROBADA CON RESULTADOS CONCRETOS Y TANGIBLES Experiencia Comprobada y Resultados Concretos:Con m\u00e1s de 20 a\u00f1os de experiencia en&hellip;","jetpack_sharing_enabled":true,"_links":{"self":[{"href":"https:\/\/pagus.site\/home\/wp-json\/wp\/v2\/pages\/391","targetHints":{"allow":["GET"]}}],"collection":[{"href":"https:\/\/pagus.site\/home\/wp-json\/wp\/v2\/pages"}],"about":[{"href":"https:\/\/pagus.site\/home\/wp-json\/wp\/v2\/types\/page"}],"author":[{"embeddable":true,"href":"https:\/\/pagus.site\/home\/wp-json\/wp\/v2\/users\/1"}],"replies":[{"embeddable":true,"href":"https:\/\/pagus.site\/home\/wp-json\/wp\/v2\/comments?post=391"}],"version-history":[{"count":48,"href":"https:\/\/pagus.site\/home\/wp-json\/wp\/v2\/pages\/391\/revisions"}],"predecessor-version":[{"id":3316,"href":"https:\/\/pagus.site\/home\/wp-json\/wp\/v2\/pages\/391\/revisions\/3316"}],"wp:attachment":[{"href":"https:\/\/pagus.site\/home\/wp-json\/wp\/v2\/media?parent=391"}],"curies":[{"name":"wp","href":"https:\/\/api.w.org\/{rel}","templated":true}]}}