{"id":2802,"date":"2025-05-04T21:54:10","date_gmt":"2025-05-04T21:54:10","guid":{"rendered":"https:\/\/pagus.site\/?page_id=2802"},"modified":"2026-03-03T17:35:57","modified_gmt":"2026-03-03T17:35:57","slug":"destinos-noa","status":"publish","type":"page","link":"https:\/\/pagus.site\/home\/destinos-noa\/","title":{"rendered":"Destinos NOA"},"content":{"rendered":"\n<div class=\"wp-block-uagb-advanced-heading uagb-block-4346a740\"><h2 class=\"uagb-heading-text\"><strong>VISITAR EL NORTE DE ARGENTINA<\/strong><\/h2><\/div>\n\n\n\n<p><br>Visitar el norte exige flexibilidad y preparaci\u00f3n para conocer JUJUY, SALTA, CATAMARCA, TUCUMAN y SANTIAGO DEL ESTERO.<\/p>\n\n\n\n<p>Disfrut\u00e1 de sus ritmos lentos, sus c\u00e1lidas personas,  y climas, sabores intensos muy propios y paisajes de yunga hasta algunos que parecen de otro planeta<br>Aqui tienes listas de destinos, hoteles y restaurantes, sus fortalezas y debilidades, su calidad y en que deben mejorar.<br>Para obtener una idea m\u00e1s precisa de cada uno en particular, MI recomendaci\u00f3n es buscar sus nombres en Google Maps, TripAdvisor o Booking.com, pero si queres tener una mejor reserva y experiencia a tu medida sea ello un precio, una promo o tener un momento WOW avisame y te ayudo en 3 llamadas y una intermediaci\u00f3n.<\/p>\n\n\n\n<p><strong>TUCUMAN<\/strong><\/p>\n\n\n\n<p><\/p>\n\n\n\n<div class=\"eg-affiliate-banners\" data-program=\"us-expedia\" data-network=\"pz\" data-layout=\"medium-rectangle\" data-image=\"adventure\" data-message=\"explore-world-travel\" data-link=\"stays\" data-camref=\"1011l5bb3R\" data-pubref=\"Tucuman\"><\/div>\n<script class=\"eg-affiliate-banners-script\" src=\"https:\/\/affiliates.expediagroup.com\/products\/banners\/assets\/eg-affiliate-banners.js\"><\/script>\n\n\n\n<p>CATAMARCA<\/p>\n\n\n\n<p>JUJUY<\/p>\n\n\n\n<p>SALTA<\/p>\n\n\n\n<p>SANTIAGO DEL ESTERO<\/p>\n\n\n\n<h2 class=\"wp-block-heading\"><strong>LOS QUE NO TE RECOMIENDO<\/strong><\/h2>\n\n\n\n<p>Aveces es mejor que sepas que esperar de hoteles, restaurantes o excursiones que NO son adecuados, como por ejemplo 2 hoteles del microcentro de Tucuman y uno del centro de Salta y un par de restaurantes en Catamarca que te recomiendo NO PISAR NI CERCA.<\/p>\n\n\n\n<p><br>HOTEL CARLOS V y HOTEL PREMIER de la ciudad de Tucuman, son  el no absoluto!.<\/p>\n\n\n\n<!-- START ADVERTISER: Booking.com LATAM from awin.com -->\n\n<a rel=\"sponsored\" href=\"https:\/\/www.awin1.com\/cread.php?s=3718787&#038;v=18119&#038;q=404161&#038;r=1917753\">\n    <img decoding=\"async\" src=\"https:\/\/www.awin1.com\/cshow.php?s=3718787&#038;v=18119&#038;q=404161&#038;r=1917753\" border=\"0\">\n<\/a>\n\n<!-- END ADVERTISER: Booking.com LATAM from awin.com -->\n\n\n\n<!-- START ADVERTISER: Flykube ES from awin.com -->\n\n<a rel=\"sponsored\" href=\"https:\/\/www.awin1.com\/cread.php?s=3736480&#038;v=85831&#038;q=500259&#038;r=1917753\">\n    <img decoding=\"async\" src=\"https:\/\/www.awin1.com\/cshow.php?s=3736480&#038;v=85831&#038;q=500259&#038;r=1917753\" border=\"0\">\n<\/a>\n\n<!-- END ADVERTISER: Flykube ES from awin.com -->\n\n\n\n<!-- START ADVERTISER: Mytrip Argentina from awin.com -->\n\n<a rel=\"sponsored\" href=\"https:\/\/www.awin1.com\/cread.php?s=3874776&#038;v=112832&#038;q=513434&#038;r=1917753\">\n    <img decoding=\"async\" src=\"https:\/\/www.awin1.com\/cshow.php?s=3874776&#038;v=112832&#038;q=513434&#038;r=1917753\" border=\"0\">\n<\/a>\n\n<!-- END ADVERTISER: Mytrip Argentina from awin.com -->\n\n\n\n<p><\/p>\n","protected":false},"excerpt":{"rendered":"<p>VISITAR EL NORTE DE ARGENTINA Visitar el norte exige flexibilidad y preparaci\u00f3n para conocer JUJUY, SALTA, CATAMARCA, TUCUMAN y SANTIAGO DEL ESTERO. Disfrut\u00e1 de sus ritmos lentos, sus c\u00e1lidas personas, y climas, sabores intensos muy propios y paisajes de yunga hasta algunos que parecen de otro planetaAqui tienes listas de destinos, hoteles y restaurantes, sus [&hellip;]<\/p>\n","protected":false},"author":1,"featured_media":0,"parent":0,"menu_order":0,"comment_status":"closed","ping_status":"closed","template":"","meta":{"_uag_custom_page_level_css":"","site-sidebar-layout":"default","site-content-layout":"","ast-site-content-layout":"default","site-content-style":"default","site-sidebar-style":"default","ast-global-header-display":"","ast-banner-title-visibility":"","ast-main-header-display":"","ast-hfb-above-header-display":"","ast-hfb-below-header-display":"","ast-hfb-mobile-header-display":"","site-post-title":"","ast-breadcrumbs-content":"","ast-featured-img":"","footer-sml-layout":"","theme-transparent-header-meta":"","adv-header-id-meta":"","stick-header-meta":"","header-above-stick-meta":"","header-main-stick-meta":"","header-below-stick-meta":"","astra-migrate-meta-layouts":"set","ast-page-background-enabled":"default","ast-page-background-meta":{"desktop":{"background-color":"","background-image":"","background-repeat":"repeat","background-position":"center center","background-size":"auto","background-attachment":"scroll","background-type":"","background-media":"","overlay-type":"","overlay-color":"","overlay-opacity":"","overlay-gradient":""},"tablet":{"background-color":"","background-image":"","background-repeat":"repeat","background-position":"center center","background-size":"auto","background-attachment":"scroll","background-type":"","background-media":"","overlay-type":"","overlay-color":"","overlay-opacity":"","overlay-gradient":""},"mobile":{"background-color":"","background-image":"","background-repeat":"repeat","background-position":"center center","background-size":"auto","background-attachment":"scroll","background-type":"","background-media":"","overlay-type":"","overlay-color":"","overlay-opacity":"","overlay-gradient":""}},"ast-content-background-meta":{"desktop":{"background-color":"var(--ast-global-color-5)","background-image":"","background-repeat":"repeat","background-position":"center center","background-size":"auto","background-attachment":"scroll","background-type":"","background-media":"","overlay-type":"","overlay-color":"","overlay-opacity":"","overlay-gradient":""},"tablet":{"background-color":"var(--ast-global-color-5)","background-image":"","background-repeat":"repeat","background-position":"center center","background-size":"auto","background-attachment":"scroll","background-type":"","background-media":"","overlay-type":"","overlay-color":"","overlay-opacity":"","overlay-gradient":""},"mobile":{"background-color":"var(--ast-global-color-5)","background-image":"","background-repeat":"repeat","background-position":"center center","background-size":"auto","background-attachment":"scroll","background-type":"","background-media":"","overlay-type":"","overlay-color":"","overlay-opacity":"","overlay-gradient":""}},"footnotes":""},"class_list":["post-2802","page","type-page","status-publish","hentry"],"uagb_featured_image_src":{"full":false,"thumbnail":false,"medium":false,"medium_large":false,"large":false,"1536x1536":false,"2048x2048":false},"uagb_author_info":{"display_name":"paggus@gmail.com","author_link":"https:\/\/pagus.site\/home\/author\/paggusgmail-com\/"},"uagb_comment_info":0,"uagb_excerpt":"VISITAR EL NORTE DE ARGENTINA Visitar el norte exige flexibilidad y preparaci\u00f3n para conocer JUJUY, SALTA, CATAMARCA, TUCUMAN y SANTIAGO DEL ESTERO. Disfrut\u00e1 de sus ritmos lentos, sus c\u00e1lidas personas, y climas, sabores intensos muy propios y paisajes de yunga hasta algunos que parecen de otro planetaAqui tienes listas de destinos, hoteles y restaurantes, sus&hellip;","jetpack_sharing_enabled":true,"_links":{"self":[{"href":"https:\/\/pagus.site\/home\/wp-json\/wp\/v2\/pages\/2802","targetHints":{"allow":["GET"]}}],"collection":[{"href":"https:\/\/pagus.site\/home\/wp-json\/wp\/v2\/pages"}],"about":[{"href":"https:\/\/pagus.site\/home\/wp-json\/wp\/v2\/types\/page"}],"author":[{"embeddable":true,"href":"https:\/\/pagus.site\/home\/wp-json\/wp\/v2\/users\/1"}],"replies":[{"embeddable":true,"href":"https:\/\/pagus.site\/home\/wp-json\/wp\/v2\/comments?post=2802"}],"version-history":[{"count":27,"href":"https:\/\/pagus.site\/home\/wp-json\/wp\/v2\/pages\/2802\/revisions"}],"predecessor-version":[{"id":3322,"href":"https:\/\/pagus.site\/home\/wp-json\/wp\/v2\/pages\/2802\/revisions\/3322"}],"wp:attachment":[{"href":"https:\/\/pagus.site\/home\/wp-json\/wp\/v2\/media?parent=2802"}],"curies":[{"name":"wp","href":"https:\/\/api.w.org\/{rel}","templated":true}]}}